{"id":752,"date":"2024-02-09T09:06:23","date_gmt":"2024-02-09T07:06:23","guid":{"rendered":"https:\/\/www.onyxrentals.gr\/?page_id=752"},"modified":"2024-02-09T09:06:23","modified_gmt":"2024-02-09T07:06:23","slug":"kezdolap","status":"publish","type":"page","link":"https:\/\/www.onyxrentals.gr\/hu\/","title":{"rendered":"Kezd\u0151lap"},"content":{"rendered":"<div class=\"container\"><h1 class=\"text-center entry-title\"> Onyx Rentals -- Min\u0151s\u00e9gi aut\u00f3k\u00f6lcs\u00f6nz\u0151 szolg\u00e1ltat\u00e1s<\/h1><div class=\"myDivider\"><\/div><p class=\"text-center\">We are a local - midsize car rental company located in the center of Hersonissos Crete with a vast expertise in the\r\nvehicle rental field.\r\nTo us, car rental is more than business, we are passionate about our job and we take great pride in our company.\r\nThe best reward for us is the customer satisfaction and we are very focused in achieving this goal.\r\nOur priority is your safety and we always aspire to offer best customer service available.<\/p><\/div> &nbsp;<div class=\"homeFullWidth\">\r\n                        <div class=\"container\">\r\n                            <div class=\"row\">\r\n                                <div class=\"col-lg mb-lg-0 mb-md-5 mb-sm-5 mb-5\">\r\n                                    <h2 class=\"text-center\">Aut\u00f3b\u00e9rl\u00e9s Aj\u00e1nlatok<\/h2> \r\n                                    <div id=\"carouselIndicators\" class=\"carousel slide\" data-ride=\"carousel\" data-interval=\"3000\">\r\n                                      <ol class=\"carousel-indicators\">\r\n                                        <li data-target=\"#carouselIndicators\" data-slide-to=\"0\" active><\/li><li data-target=\"#carouselIndicators\" data-slide-to=\"1\"><\/li><li data-target=\"#carouselIndicators\" data-slide-to=\"2\"><\/li><li data-target=\"#carouselIndicators\" data-slide-to=\"3\"><\/li>\r\n                                      <\/ol>\r\n                                      <div class=\"carousel-inner\">\r\n                                        \r\n                <div class=\"carousel-item active\">\r\n                    <img decoding=\"async\" class=\"d-block w-90\" src=\"https:\/\/www.onyxrentals.gr\/wp-content\/uploads\/2018\/10\/Panda.png\" alt=\"First slide\">\r\n                    <div class=\"carousel-caption d-md-block\">\r\n                        <div class=\"h2 price-discount\">-10%<\/div>\r\n                        <p class=\"font-weight-light\">  <span class=\"h4 final-price\">27,00<\/span>\u20ac per napt\u00f3l<\/p>\r\n                    <\/div>\r\n                <\/div>\r\n            \r\n                <div class=\"carousel-item\">\r\n                    <img decoding=\"async\" class=\"d-block w-90\" src=\"https:\/\/www.onyxrentals.gr\/wp-content\/uploads\/2018\/10\/fiat_500_cabrio-e1760293138492-1.png\" alt=\"First slide\">\r\n                    <div class=\"carousel-caption d-md-block\">\r\n                        <div class=\"h2 price-discount\">-10%<\/div>\r\n                        <p class=\"font-weight-light\">  <span class=\"h4 final-price\">45,00<\/span>\u20ac per napt\u00f3l<\/p>\r\n                    <\/div>\r\n                <\/div>\r\n            \r\n                <div class=\"carousel-item\">\r\n                    <img decoding=\"async\" class=\"d-block w-90\" src=\"https:\/\/www.onyxrentals.gr\/wp-content\/uploads\/2018\/10\/polo-e1760294530975.png\" alt=\"First slide\">\r\n                    <div class=\"carousel-caption d-md-block\">\r\n                        <div class=\"h2 price-discount\">-5%<\/div>\r\n                        <p class=\"font-weight-light\">  <span class=\"h4 final-price\">38,00<\/span>\u20ac per napt\u00f3l<\/p>\r\n                    <\/div>\r\n                <\/div>\r\n            \r\n                <div class=\"carousel-item\">\r\n                    <img decoding=\"async\" class=\"d-block w-90\" src=\"https:\/\/www.onyxrentals.gr\/wp-content\/uploads\/2023\/08\/Vito1.png\" alt=\"First slide\">\r\n                    <div class=\"carousel-caption d-md-block\">\r\n                        <div class=\"h2 price-discount\">-10%<\/div>\r\n                        <p class=\"font-weight-light\">  <span class=\"h4 final-price\">99,00<\/span>\u20ac per napt\u00f3l<\/p>\r\n                    <\/div>\r\n                <\/div>\r\n            \r\n                                      <\/div>\r\n                                      \r\n                                    <\/div>      \r\n                                <\/div>\r\n                                <div class=\"col-lg\">\r\n                                    <h2 class=\"text-center\">Follow <span class=\"socialBold\">us<\/span><\/h2> \r\n                                    <p class=\"text-center\">Ne maradj le c\u00e9g\u00fcnk aj\u00e1nlatair\u00f3l!<\/p>\r\n                                    <div class=\"socialList\">\r\n                                        <div class=\"row\">\r\n                                            <div class=\"col text-center\">\r\n                                                <a href=\"https:\/\/www.facebook.com\/OnyxRentalsCrete\/\" title=\"Facebook\" target=\"_blank\">\r\n                                                    <div class=\"socialWrapper\">\r\n                                                        <i class=\"fab fa-facebook-f\"><\/i> <br>\r\n                                                        <small>follow us on facebook<\/small>\r\n                                                    <\/div>   \r\n                                                <\/a>    \r\n                                            <\/div>\r\n                                            <div class=\"col text-center\">\r\n                                                <a href=\"https:\/\/www.google.com\/maps\/place\/Onyx+Rentals\/@35.3203205,25.3906663,17z\/data=!4m7!3m6!1s0x0:0xa13fb38ad3e62e21!8m2!3d35.3205087!4d25.3896095!9m1!1b1\" title=\"Google My Business\" target=\"_blank\">\r\n                                                    <div class=\"socialWrapper\">\r\n                                                        <img decoding=\"async\" src=\"https:\/\/www.onyxrentals.gr\/wp-content\/uploads\/2019\/08\/gmb_white.png\" alt=\"Google My Business\" width=\"76\" style=\"padding: 15px;\"\/> <br>\r\n                                                        <small>follow us on google<\/small>\r\n                                                    <\/div>  \r\n                                                <\/a>      \r\n                                            <\/div>\r\n                                        <\/div>\r\n                                    <\/div>\r\n                                    <p class=\"socialFooter text-center\">Vend\u00e9geink \u00e9rt\u00e9kel\u00e9sei sokat mondanak c\u00e9g\u00fcnkr\u0151l, bizonyosodj meg r\u00f3la Te is!<\/p>                                                    \r\n                                <\/div>                          \r\n                            <\/div>                    \r\n                        <\/div>\r\n                    <\/div><div class=\"container featuredCars\">\r\n                        <h2 class=\"text-center\">V\u00e1laszd ki az ig\u00e9nyeidnek legmegfelel\u0151bb aut\u00f3t!<\/h2>\r\n                        <div class=\"row\">\r\n                           \r\n            <div class=\"col-lg-3 col-md-6 col-xs-12 mb-lg-0 mb-md-5 mb-sm-5 mb-5\">\r\n                <div class=\"carCat\">Cabrio SUV Automatic (Group J)<\/div>\r\n                <img loading=\"lazy\" decoding=\"async\" src=\"https:\/\/www.onyxrentals.gr\/wp-content\/uploads\/2026\/02\/T-Roc_1_png.png\" alt=\" VW T-Roc Cabrio Automatic\" width=\"350\" height=\"200\" class=\"aligncenter size-full wp-image-51\" \/>   \r\n                <div class=\"carBand\">VW T-Roc Cabrio Automatic<\/div>\r\n                <div class=\"featuredPrice\">*  85,00\u20ac\/nap <\/div>               \r\n            <\/div> \r\n        \r\n            <div class=\"col-lg-3 col-md-6 col-xs-12 mb-lg-0 mb-md-5 mb-sm-5 mb-5\">\r\n                <div class=\"carCat\">Cabrio (Group G)<\/div>\r\n                <img loading=\"lazy\" decoding=\"async\" src=\"https:\/\/www.onyxrentals.gr\/wp-content\/uploads\/2018\/10\/fiat_500_cabrio-e1760293138492-1.png\" alt=\" Fiat 500 Cabrio\" width=\"350\" height=\"200\" class=\"aligncenter size-full wp-image-51\" \/>   \r\n                <div class=\"carBand\">Fiat 500 Cabrio<\/div>\r\n                <div class=\"featuredPrice\">*  45,00\u20ac\/nap <\/div>               \r\n            <\/div> \r\n        \r\n            <div class=\"col-lg-3 col-md-6 col-xs-12 mb-lg-0 mb-md-5 mb-sm-5 mb-5\">\r\n                <div class=\"carCat\">Jeeps, 4x4 - Soft Top - Open (Group L)<\/div>\r\n                <img loading=\"lazy\" decoding=\"async\" src=\"https:\/\/www.onyxrentals.gr\/wp-content\/uploads\/2018\/10\/Wrangler-1-1-1.png\" alt=\" Jeep Wrangler\" width=\"350\" height=\"200\" class=\"aligncenter size-full wp-image-51\" \/>   \r\n                <div class=\"carBand\">Jeep Wrangler<\/div>\r\n                <div class=\"featuredPrice\">*  76,00\u20ac\/nap <\/div>               \r\n            <\/div> \r\n        \r\n            <div class=\"col-lg-3 col-md-6 col-xs-12 mb-lg-0 mb-md-5 mb-sm-5 mb-5\">\r\n                <div class=\"carCat\">Minivan \/ MPV (Group M)<\/div>\r\n                <img loading=\"lazy\" decoding=\"async\" src=\"https:\/\/www.onyxrentals.gr\/wp-content\/uploads\/2018\/11\/doblo.png\" alt=\" Fiat Doblo\" width=\"350\" height=\"200\" class=\"aligncenter size-full wp-image-51\" \/>   \r\n                <div class=\"carBand\">Fiat Doblo<\/div>\r\n                <div class=\"featuredPrice\">*  80,75\u20ac\/nap <\/div>               \r\n            <\/div> \r\n                               \r\n                        <\/div>\r\n                        &nbsp;\r\n                        <div class=\"text-center\"><a type=\"button\" class=\"btn btn-primary\" role=\"button\" href=\"https:\/\/www.onyxrentals.gr\/hu\/autok\/\">Flott\u00e1nk<\/a><\/div>\r\n                     <\/div>   \r\n                        ","protected":false},"excerpt":{"rendered":"Helyi aut\u00f3k\u00f6lcs\u00f6nz\u0151 c\u00e9g vagyunk, Kr\u00e9ta Hersonissos k\u00f6zpontj\u00e1ban. Tal\u00e1lja meg a keresett aut\u00f3t a legjobb \u00e1ron, \u00e9s fedezze fel Kr\u00e9ta sziget\u00e9t.","protected":false},"author":1,"featured_media":753,"parent":0,"menu_order":0,"comment_status":"closed","ping_status":"closed","template":"page-Homepage.php","meta":{"_acf_changed":false,"footnotes":""},"class_list":["post-752","page","type-page","status-publish","has-post-thumbnail","hentry"],"acf":[],"_links":{"self":[{"href":"https:\/\/www.onyxrentals.gr\/hu\/wp-json\/wp\/v2\/pages\/752","targetHints":{"allow":["GET"]}}],"collection":[{"href":"https:\/\/www.onyxrentals.gr\/hu\/wp-json\/wp\/v2\/pages"}],"about":[{"href":"https:\/\/www.onyxrentals.gr\/hu\/wp-json\/wp\/v2\/types\/page"}],"author":[{"embeddable":true,"href":"https:\/\/www.onyxrentals.gr\/hu\/wp-json\/wp\/v2\/users\/1"}],"replies":[{"embeddable":true,"href":"https:\/\/www.onyxrentals.gr\/hu\/wp-json\/wp\/v2\/comments?post=752"}],"version-history":[{"count":0,"href":"https:\/\/www.onyxrentals.gr\/hu\/wp-json\/wp\/v2\/pages\/752\/revisions"}],"wp:featuredmedia":[{"embeddable":true,"href":"https:\/\/www.onyxrentals.gr\/hu\/wp-json\/wp\/v2\/media\/753"}],"wp:attachment":[{"href":"https:\/\/www.onyxrentals.gr\/hu\/wp-json\/wp\/v2\/media?parent=752"}],"curies":[{"name":"wp","href":"https:\/\/api.w.org\/{rel}","templated":true}]}}