{"id":759,"date":"2024-02-09T09:14:45","date_gmt":"2024-02-09T07:14:45","guid":{"rendered":"https:\/\/www.onyxrentals.gr\/?page_id=759"},"modified":"2024-02-11T08:59:10","modified_gmt":"2024-02-11T06:59:10","slug":"fontosabb-latnivalok","status":"publish","type":"page","link":"https:\/\/www.onyxrentals.gr\/hu\/fontosabb-latnivalok\/","title":{"rendered":"Fontosabb L\u00e1tnival\u00f3k"},"content":{"rendered":"\r\n        <div class=\"row\">\r\n            <div class=\"col-lg-6 col-md-12 categoryLink\">\r\n                <a href=\"https:\/\/www.onyxrentals.gr\/category\/must-visit\/beaches-nature\/\">\r\n                    <img decoding=\"async\" src=\"https:\/\/www.onyxrentals.gr\/wp-content\/uploads\/2019\/06\/Balos-2.jpg\" alt=\"Beaches - Nature\" \/>\r\n                    <p class=\"text-center\">Beaches - Nature<\/p>\r\n                <\/a>    \r\n            <\/div>\r\n            <div class=\"col-lg-6 col-md-12 categoryLink\">\r\n                <a href=\"https:\/\/www.onyxrentals.gr\/category\/must-visit\/sightseeing-historical-sites\/\">\r\n                    <img decoding=\"async\" src=\"https:\/\/www.onyxrentals.gr\/wp-content\/uploads\/2019\/06\/Knossos_Palace.jpg\" alt=\"Sightseeing - Historical Sites\" \/>\r\n                    <p class=\"text-center\">Sightseeing - Historical Sites<\/p>\r\n                <\/a>    \r\n            <\/div>\r\n        <\/div>\r\n    ","protected":false},"excerpt":{"rendered":"Helyi aut\u00f3k\u00f6lcs\u00f6nz\u0151 c\u00e9g vagyunk, amely Hersonissos Kr\u00e9ta k\u00f6zpontj\u00e1ban tal\u00e1lhat\u00f3. Tal\u00e1lja meg a keresett aut\u00f3t a legjobb \u00e1ron, \u00e9s fedezze fel Kr\u00e9ta sziget\u00e9t.","protected":false},"author":1,"featured_media":0,"parent":0,"menu_order":0,"comment_status":"closed","ping_status":"closed","template":"","meta":{"_acf_changed":false,"footnotes":""},"class_list":["post-759","page","type-page","status-publish","hentry"],"acf":[],"_links":{"self":[{"href":"https:\/\/www.onyxrentals.gr\/hu\/wp-json\/wp\/v2\/pages\/759","targetHints":{"allow":["GET"]}}],"collection":[{"href":"https:\/\/www.onyxrentals.gr\/hu\/wp-json\/wp\/v2\/pages"}],"about":[{"href":"https:\/\/www.onyxrentals.gr\/hu\/wp-json\/wp\/v2\/types\/page"}],"author":[{"embeddable":true,"href":"https:\/\/www.onyxrentals.gr\/hu\/wp-json\/wp\/v2\/users\/1"}],"replies":[{"embeddable":true,"href":"https:\/\/www.onyxrentals.gr\/hu\/wp-json\/wp\/v2\/comments?post=759"}],"version-history":[{"count":0,"href":"https:\/\/www.onyxrentals.gr\/hu\/wp-json\/wp\/v2\/pages\/759\/revisions"}],"wp:attachment":[{"href":"https:\/\/www.onyxrentals.gr\/hu\/wp-json\/wp\/v2\/media?parent=759"}],"curies":[{"name":"wp","href":"https:\/\/api.w.org\/{rel}","templated":true}]}}