{"id":762,"date":"2024-02-09T09:17:23","date_gmt":"2024-02-09T07:17:23","guid":{"rendered":"https:\/\/www.onyxrentals.gr\/?page_id=762"},"modified":"2024-02-11T08:59:40","modified_gmt":"2024-02-11T06:59:40","slug":"ertekelesek","status":"publish","type":"page","link":"https:\/\/www.onyxrentals.gr\/hu\/ertekelesek\/","title":{"rendered":"\u00c9rt\u00e9kel\u00e9sek"},"content":{"rendered":"","protected":false},"excerpt":{"rendered":"Szeretn\u00e9nk a visszajelz\u00e9st. Minden megjegyz\u00e9s sz\u00e1m\u00edt, \u00e9s mindig igyeksz\u00fcnk jobb\u00e1 tenni, \u00e9s t\u00e1mogatni \u00fcgyfeleink legmagasabb szint\u0171 szolg\u00e1ltat\u00e1sait.","protected":false},"author":1,"featured_media":0,"parent":0,"menu_order":0,"comment_status":"closed","ping_status":"closed","template":"page-Reviews.php","meta":{"_acf_changed":false,"footnotes":""},"class_list":["post-762","page","type-page","status-publish","hentry"],"acf":[],"_links":{"self":[{"href":"https:\/\/www.onyxrentals.gr\/hu\/wp-json\/wp\/v2\/pages\/762","targetHints":{"allow":["GET"]}}],"collection":[{"href":"https:\/\/www.onyxrentals.gr\/hu\/wp-json\/wp\/v2\/pages"}],"about":[{"href":"https:\/\/www.onyxrentals.gr\/hu\/wp-json\/wp\/v2\/types\/page"}],"author":[{"embeddable":true,"href":"https:\/\/www.onyxrentals.gr\/hu\/wp-json\/wp\/v2\/users\/1"}],"replies":[{"embeddable":true,"href":"https:\/\/www.onyxrentals.gr\/hu\/wp-json\/wp\/v2\/comments?post=762"}],"version-history":[{"count":0,"href":"https:\/\/www.onyxrentals.gr\/hu\/wp-json\/wp\/v2\/pages\/762\/revisions"}],"wp:attachment":[{"href":"https:\/\/www.onyxrentals.gr\/hu\/wp-json\/wp\/v2\/media?parent=762"}],"curies":[{"name":"wp","href":"https:\/\/api.w.org\/{rel}","templated":true}]}}