{"id":764,"date":"2024-02-09T09:19:33","date_gmt":"2024-02-09T07:19:33","guid":{"rendered":"https:\/\/www.onyxrentals.gr\/?page_id=764"},"modified":"2024-02-15T20:26:29","modified_gmt":"2024-02-15T18:26:29","slug":"felhasznalasi-feltetelek-es-adatvedelmi-szabalyzat","status":"publish","type":"page","link":"https:\/\/www.onyxrentals.gr\/hu\/felhasznalasi-feltetelek-es-adatvedelmi-szabalyzat\/","title":{"rendered":"Felhaszn\u00e1l\u00e1si felt\u00e9telek \u00e9s adatv\u00e9delmi szab\u00e1lyzat"},"content":{"rendered":"\r\n        <div class=\"container\">\r\n<h2 class=\"h4\">1. FELT\u00c9TELEK<\/h2>\r\n<p>Az onyxrentals.gr fenntartja a jogot jelen felt\u00e9telek egyoldal\u00fa m\u00f3dos\u00edt\u00e1s\u00e1ra vagy meg\u00faj\u00edt\u00e1s\u00e1ra. Az onyxrentals.gr felel\u0151ss\u00e9ge, hogy a webhelyen kereszt\u00fcl t\u00e1j\u00e9koztassa a felhaszn\u00e1l\u00f3kat az esetleges m\u00f3dos\u00edt\u00e1sokr\u00f3l \u00e9s v\u00e1ltoz\u00e1sokr\u00f3l.<\/p>\r\n\r\n<h2 class=\"h4\">2. KORL\u00c1TOLT FELEL\u0150SS\u00c9G<\/h2>\r\n<p>Az onyxrentals.gr nem v\u00e1llal felel\u0151ss\u00e9get semmilyen olyan technikai probl\u00e9m\u00e1\u00e9rt, amely a felhaszn\u00e1l\u00f3kn\u00e1l felmer\u00fclhet a webhely el\u00e9r\u00e9s\u00e9nek megk\u00eds\u00e9rl\u00e9sekor \u00e9s \/ vagy a webhely l\u00e1togat\u00e1sa sor\u00e1n, amelyek a weboldalhoz val\u00f3 hozz\u00e1f\u00e9r\u00e9shez haszn\u00e1lt saj\u00e1t rendszereik m\u0171k\u00f6d\u00e9s\u00e9vel vagy kompatibilit\u00e1s\u00e1val kapcsolatosak. Nem v\u00e1llal felel\u0151ss\u00e9get harmadik felek cselekm\u00e9nyei\u00e9rt vagy mulaszt\u00e1sai\u00e9rt, \u00e9s k\u00fcl\u00f6n\u00f6sen harmadik felek jogosulatlan beavatkoz\u00e1sai\u00e9rt \u00e9s \/ vagy ezen kereszt\u00fcl el\u00e9rhet\u0151 inform\u00e1ci\u00f3k\u00e9rt.<\/p>\r\n\r\n<h2 class=\"h4\">3. FELHASZN\u00c1L\u00d3I K\u00d6TELEZETTS\u00c9GEK<\/h2>\r\n<p>Az onyxrentals.gr weboldal felhaszn\u00e1l\u00f3i elfogadj\u00e1k, hogy nem haszn\u00e1lnak fel k\u00fcld\u00e9sre, k\u00f6zz\u00e9t\u00e9telre, e-mailben t\u00f6rt\u00e9n\u0151 k\u00fcld\u00e9sre vagy m\u00e1s m\u00f3don t\u00f6rt\u00e9n\u0151 tov\u00e1bb\u00edt\u00e1sra olyan tartalmat, amely illeg\u00e1lis, k\u00e1ros, fenyeget\u0151, s\u00e9rt\u0151, bosszant\u00f3, r\u00e1galmaz\u00f3, vulg\u00e1ris, obszc\u00e9n, s\u00e9rti valaki m\u00e1s mag\u00e1n\u00e9let\u00e9t, emp\u00e1ti\u00e1t, faji, nemzeti vagy egy\u00e9b megk\u00fcl\u00f6nb\u00f6ztet\u00e9st tan\u00fas\u00edt, b\u00e1rmilyen m\u00f3don k\u00e1rt okozhat kiskor\u00faaknak. Tov\u00e1bb\u00e1: nem jogosult arra, hogy a t\u00f6rv\u00e9ny vagy szerz\u0151d\u00e9s \u00e9rtelm\u00e9ben k\u00f6zz\u00e9tegy\u00e9k (p\u00e9ld\u00e1ul bennfentes inform\u00e1ci\u00f3, v\u00e9dett \u00e9s bizalmas inform\u00e1ci\u00f3, amelyet \u00fagy szereztek vagy hoztak nyilv\u00e1noss\u00e1gra, hogy munkaviszony r\u00e9sze, vagy titoktart\u00e1si meg\u00e1llapod\u00e1sok hat\u00e1lya al\u00e1 tartozik), s\u00e9rti b\u00e1rmely szabadalmat, v\u00e9djegyet, \u00fczleti titkot, szerz\u0151i jogot vagy harmadik felek egy\u00e9b tulajdonjog\u00e1t, szoftverv\u00edrusokat vagy m\u00e1s olyan k\u00f3dokat, f\u00e1jlokat vagy programokat tartalmaz, amelyek c\u00e9lja megszak\u00edt\u00e1s, k\u00e1rokoz\u00e1s, megsemmis\u00edt\u00e9s vagy beavatkoz\u00e1s szoftverrel vagy hardverrel, sz\u00e1nd\u00e9kosan vagy akaratlanul megs\u00e9rti a megl\u00e9v\u0151 g\u00f6r\u00f6g \u00e9s uni\u00f3s jogszab\u00e1lyokat \u00e9s rendelkez\u00e9seket, vagy b\u00e1rmilyen m\u00f3don felhaszn\u00e1lja azt a felhaszn\u00e1l\u00f3k szem\u00e9lyes adatainak gy\u0171jt\u00e9s\u00e9re vagy t\u00e1rol\u00e1s\u00e1ra.<\/p>\r\n\r\n<section id=\"privacyPolicy\">\r\n<h2 class=\"h4\">4. BIZTONS\u00c1G<\/h2>\r\n<p>Az onyxrentals.gr elismeri az \u00d6n szem\u00e9lyes adatai biztons\u00e1g\u00e1nak fontoss\u00e1g\u00e1t, \u00e9s minden sz\u00fcks\u00e9ges int\u00e9zked\u00e9st megtesz a legkorszer\u0171bb \u00e9s legfejlettebb m\u00f3dszerekkel a maxim\u00e1lis biztons\u00e1g \u00e9rdek\u00e9ben. Az \u00d6n szem\u00e9lyes adataival kapcsolatos minden inform\u00e1ci\u00f3 biztons\u00e1gos \u00e9s bizalmas.<\/p>\r\n\r\n<p>Az adat\u00e1tvitel titkoss\u00e1g\u00e1nak biztos\u00edt\u00e1sa \u00e9rdek\u00e9ben az SSL-128 bites titkos\u00edt\u00e1si protokollt haszn\u00e1ljuk. Az oldalon b\u00e1rhol, ahol szem\u00e9lyes adatokat ad meg (n\u00e9v, c\u00edm, telefonsz\u00e1m stb.), 128 bites SSL titkos\u00edt\u00e1s m\u0171k\u00f6dik.<\/p>\r\n\r\n<p>Csak az arra jogosult alkalmazottak f\u00e9rhetnek hozz\u00e1 az \u00d6n adataihoz \u00e9s csak sz\u00fcks\u00e9g eset\u00e9n, pl. hogy kezelje a k\u00e9r\u00e9seit.<\/p>\r\n\r\n<p>Az onyxrentals.gr nem ad ki felhaszn\u00e1l\u00f3i inform\u00e1ci\u00f3kat, kiv\u00e9ve, ha az \u00d6n \u00edr\u00e1sos enged\u00e9ly\u00e9vel rendelkezik, vagy azt b\u00edr\u00f3s\u00e1gi v\u00e9gz\u00e9s vagy m\u00e1s hat\u00f3s\u00e1gi hat\u00e1rozat \u00edrja el\u0151.<\/p>\r\n\r\n<h2 class=\"h4\">5. SZEM\u00c9LYES ADATOK V\u00c9DELME<\/h2>\r\n<p>Az onyxrentals.gr oldalakon tett l\u00e1togat\u00e1sa sor\u00e1n el\u0151fordulhat, hogy szem\u00e9lyes adatait (n\u00e9v, vezet\u00e9kn\u00e9v, e-mail c\u00edm stb.) k\u00e9rj\u00fck szolg\u00e1ltat\u00e1saink k\u00e9r\u00e9s\u00e9nek teljes\u00edt\u00e9se \u00e9rdek\u00e9ben. Az onyxrentals.gr oldalain \u00e9s szolg\u00e1ltat\u00e1saiban b\u00e1rhol k\u00f6z\u00f6lt szem\u00e9lyes adatok kiz\u00e1r\u00f3lag a vel\u00fcnk val\u00f3 kommunik\u00e1ci\u00f3val, a ny\u00fajtott szolg\u00e1ltat\u00e1sok fejleszt\u00e9s\u00e9vel \u00e9s az adott szolg\u00e1ltat\u00e1s m\u0171k\u00f6d\u00e9s\u00e9vel kapcsolatos okokb\u00f3l vannak fenntartva, \u00e9s harmadik f\u00e9l nem haszn\u00e1lhatja fel (kiv\u00e9ve, ha azt a t\u00f6rv\u00e9ny az illet\u00e9kes hat\u00f3s\u00e1goknak el\u0151\u00edrja).<\/p>\r\n\r\n<p>Azok onyxrentals.gr alkalmazottai korl\u00e1toltan f\u00e9rnek hozz\u00e1 az \u00d6n szem\u00e9lyes adataihoz, \u00e9s m\u00e1soknak szinte lehetetlen a hozz\u00e1f\u00e9r\u00e9s. Tilos az \u00d6n szem\u00e9lyes adataihoz val\u00f3 jogosulatlan hozz\u00e1f\u00e9r\u00e9s. Minden \u00e9sszer\u0171 int\u00e9zked\u00e9st megtett\u00fcnk adatai biztons\u00e1ga \u00e9rdek\u00e9ben.<\/p>\r\n\r\n<p>Ha b\u00e1rmilyen k\u00e9rd\u00e9se, javaslata vagy nyilatkozata van ezzel a t\u00e9m\u00e1val kapcsolatban, k\u00e9rj\u00fck, vegye fel vel\u00fcnk a kapcsolatot az <a href=\"mailto:http:\/\/&#105;&#110;&#102;o&#064;o&#110;&#121;&#120;r&#101;n&#116;&#097;&#108;&#115;.&#103;&#114;\" class=\"contactEm\">in&#102;&#111;&#064;&#111;&#110;y&#120;&#114;en&#116;&#097;ls&#046;gr<\/a> e-mail c\u00edmen. .<\/p>\r\n\r\n<p>\u00d6n mint felhaszn\u00e1l\u00f3 fenntartja a jogot, hogy b\u00e1rmikor adatait friss\u00edtse, vagy tiltakozzon az adatok tov\u00e1bbi kezel\u00e9se ellen a szem\u00e9lyes adatok v\u00e9delm\u00e9re vonatkoz\u00f3 hat\u00e1lyos jogszab\u00e1lyoknak megfelel\u0151en.<\/p>\r\n<\/section>\r\n\r\n<h2 class=\"h4\">6. H\u00cdRLEVELEK<\/h2>\r\n<p>Nincs kiz\u00e1rva, hogy az onyxrentals.gr h\u00edrleveleket k\u00fcld majd. Ezek a h\u00edrlevelek aj\u00e1nlatokat vagy friss\u00edt\u00e9st tartalmazhatnak \u00e9s nagyon ritk\u00e1n k\u00fcldj\u00fck (\u00e9vente 1-2 alkalommal).<\/p>\r\n1. Az onyxrentals.gr nem v\u00e1llal felel\u0151ss\u00e9get, ha a h\u00edrlev\u00e9l nem \u00e9rkezik meg a rendeltet\u00e9si hely\u00e9re, b\u00e1r mindent megtesz az internetszolg\u00e1ltat\u00f3kn\u00e1l a k\u00e9zbes\u00edt\u00e9s \u00e9rdek\u00e9ben.\r\n2. El\u0151fordulhat, hogy a h\u00edrlev\u00e9l a spam mapp\u00e1ba ker\u00fcl, ez\u00e9rt k\u00e9rj\u00fck, rendszeresen ellen\u0151rizze, hogy nincs-e ott t\u00e1rolva.\r\n3. Adja az onyxrentals.gr felad\u00f3 c\u00edm\u00e9t <a href=\"mailto:http:\/\/&#105;&#110;&#102;&#111;&#064;&#111;nyxrent&#097;ls&#046;&#103;&#114;\" class=\"contactEm\">&#105;n&#102;o&#064;o&#110;yx&#114;e&#110;&#116;als.&#103;r<\/a> a biztons\u00e1gos list\u00e1ra.\r\n4. Ha nem szeretne t\u00f6bb h\u00edrlevelet kapni, felveheti vel\u00fcnk a kapcsolatot az <a href=\"mailto:http:\/\/info&#064;&#111;nyxren&#116;als.g&#114;\" class=\"contactEm\">i&#110;&#102;&#111;&#064;&#111;&#110;&#121;x&#114;ent&#097;&#108;&#115;.g&#114;<\/a> e-mail c\u00edmen.\r\n<p>Az \u00d6n felel\u0151ss\u00e9ge, hogy amennyiben nem kapja meg a adott e-mailt, halad\u00e9ktalanul \u00e9rtes\u00edtsen benn\u00fcnket.<\/p>\r\n\r\n<section id=\"cookies\">\r\n<h2 class=\"h4\">7. S\u00dcTIK<\/h2>\r\nMI\u00c9RT HASZN\u00c1LUNK S\u00dcTIKET?\r\n<p>Els\u0151dleges c\u00e9lunk az oldalunk l\u00e1togat\u00f3inak felhaszn\u00e1l\u00f3i \u00e9lm\u00e9ny\u00e9nek folyamatos fejleszt\u00e9se. Ennek el\u00e9r\u00e9se \u00e9s minden ig\u00e9ny\u00e9nek kiel\u00e9g\u00edt\u00e9se \u00e9rdek\u00e9ben olyan elemeket haszn\u00e1lunk, amelyek kiz\u00e1r\u00f3lag az \u00d6n preferenci\u00e1ira vonatkoznak, amikor oldalunkat b\u00f6ng\u00e9szi.<\/p>\r\n\r\nMIK A S\u00dcTIK?\r\n<p>A s\u00fctik olyan inform\u00e1ci\u00f3k, amelyek az \u00d6n \u00e1ltal haszn\u00e1lt b\u00f6ng\u00e9sz\u0151ben (Chrome, Mozilla Firefox stb.) nagyon kism\u00e9ret\u0171, \u00e1ltal\u00e1ban bet\u0171kb\u0151l \u00e9s sz\u00e1mokb\u00f3l \u00e1ll\u00f3 sz\u00f6vegek form\u00e1j\u00e1ban ker\u00fclnek t\u00e1rol\u00e1sra, seg\u00edtve oldalunk hat\u00e9konyabb\u00e1 t\u00e9tel\u00e9t. A s\u00fctik semmilyen m\u00f3don nem okoznak k\u00e1rt a felhaszn\u00e1l\u00f3k sz\u00e1m\u00edt\u00f3g\u00e9p\u00e9ben vagy az azokon t\u00e1rolt f\u00e1jlokban. A s\u00fctikben t\u00e1rolt inform\u00e1ci\u00f3kat azonos\u00edt\u00e1s c\u00e9lj\u00e1b\u00f3l haszn\u00e1ljuk fel. Ez lehet\u0151v\u00e9 teszi sz\u00e1munkra, hogy weboldalunkat hat\u00e9konyan \u00fczemeltethess\u00fck az \u00e1ltalunk k\u00edn\u00e1lt szolg\u00e1ltat\u00e1sok tekintet\u00e9ben, \u00e9s figyelemmel k\u00eds\u00e9rj\u00fck az oldal l\u00e1togat\u00f3inak viselked\u00e9s\u00e9t. Az Onyxrentals.gr s\u00fctiket haszn\u00e1l a felhaszn\u00e1l\u00f3k t\u00e1j\u00e9koztat\u00e1s\u00e1ra \u00e9s a webhelyen kereszt\u00fcl ny\u00fajtott szolg\u00e1ltat\u00e1sok feldolgoz\u00e1s\u00e1ra 4 k\u00fcl\u00f6nb\u00f6z\u0151 t\u00edpus\u00fa s\u00fcti l\u00e9tezik:<\/p>\r\n\r\nFunkci\u00f3s s\u00fctik:\r\n<p>Lehet\u0151v\u00e9 teszik az alapvet\u0151 webhelyfunkci\u00f3k futtat\u00e1s\u00e1t.<\/p>\r\n\r\nCookie-be\u00e1ll\u00edt\u00e1sok:\r\n<p>Ezek a s\u00fctik \"memoriz\u00e1lj\u00e1k\" az \u00d6n preferenci\u00e1it, mik\u00f6zben b\u00f6ng\u00e9szik oldalunkon, hogy az \u00d6n ig\u00e9nyeinek megfelel\u0151 szolg\u00e1ltat\u00e1sokat k\u00edn\u00e1lhassunk.<\/p>\r\n\r\nHirdet\u00e9si s\u00fctik:\r\n<p>A hirdet\u00e9si s\u00fctik seg\u00edts\u00e9g\u00e9vel az \u00e9rdekl\u0151d\u00e9si k\u00f6r\u00e9nek megfelel\u0151 hirdet\u00e9seket szeretn\u00e9nk megjelen\u00edteni, hogy ne foglalkozzunk spammel.<\/p>\r\n\r\nS\u00fctik-elemz\u00e9s:\r\n<p>Lehet\u0151v\u00e9 teszik sz\u00e1munkra, hogy \u00e9rt\u00e9kelj\u00fck webhely\u00fcnk k\u00fcl\u00f6nf\u00e9le funkci\u00f3inak hat\u00e9konys\u00e1g\u00e1t, hogy folyamatosan jav\u00edthassuk a webhely\u00fcnk\u00f6n tapasztalt \u00e9lm\u00e9nyt.<\/p>\r\n\r\nKimondottan:\r\n<p>Harmadik felek, k\u00f6zt\u00fck a Google, \u00fczleti hirdet\u00e9seket jelen\u00edthetnek meg a webhelyeken.<\/p>\r\n\r\n<p>Harmadik f\u00e9l szolg\u00e1ltat\u00f3k, k\u00f6zt\u00fck a Google, s\u00fctiket haszn\u00e1lhatnak a hirdet\u00e9sek friss\u00edt\u00e9s\u00e9re, optimaliz\u00e1l\u00e1s\u00e1ra \u00e9s megjelen\u00edt\u00e9s\u00e9re az onyxrentals.gr webhelyen tett kor\u00e1bbi l\u00e1togat\u00e1sok alapj\u00e1n.<\/p>\r\n\r\n<p>Az onyxrentals.gr egy kor\u00e1bbi l\u00e1togat\u00e1sb\u00f3l sz\u00e1rmaz\u00f3 s\u00fctiket is haszn\u00e1lhat remarketingkamp\u00e1nyokhoz.<\/p>\r\n\r\n<p>A felhaszn\u00e1l\u00f3k itt d\u00f6nthetnek \u00fagy, hogy kiz\u00e1rj\u00e1k \u0151ket a Google \u00e1ltal ilyen jelleg\u0171 s\u00fcti-haszn\u00e1latb\u00f3l.<\/p>\r\n\r\n<p>Be\u00e1ll\u00edthatja b\u00f6ng\u00e9sz\u0151j\u00e9t, hogy minden alkalommal t\u00e1j\u00e9koztassa \u00d6nt a cookie elfogad\u00e1sa el\u0151tt, \u00e9s eld\u00f6ntheti, hogy elfogadja-e vagy elutas\u00edtja azt. Ebben az esetben ne feledje, hogy el\u0151fordulhat, hogy nem tudja teljes m\u00e9rt\u00e9kben kihaszn\u00e1lni a webhely\u00fcnk \u00f6sszes funkci\u00f3j\u00e1t.<\/p>\r\n\r\n<p>Az onyxrentals.gr haszn\u00e1lhatja a Google Analytics szolg\u00e1ltat\u00e1sait vizu\u00e1lis hirdet\u00e9sekhez pl. remarketing, Google Display H\u00e1l\u00f3zat, DoubleClick Campaign Manager integr\u00e1ci\u00f3, valamint demogr\u00e1fiai \u00e9s \u00e9rdekl\u0151d\u00e9si jelent\u00e9sekhez.<\/p>\r\n\r\n<p>A Hirdet\u00e9sbe\u00e1ll\u00edt\u00e1sok seg\u00edts\u00e9g\u00e9vel a l\u00e1togat\u00f3k letilthatj\u00e1k a Google Analytics vizu\u00e1lis hirdet\u00e9seit, \u00e9s szem\u00e9lyre szabhatj\u00e1k a Google Display H\u00e1l\u00f3zat hirdet\u00e9seit. Itt vannak a Google Analytics webhez el\u00e9rhet\u0151 leiratkoz\u00e1si lehet\u0151s\u00e9gei.<\/p>\r\n\r\n<p>Az onyxrentals.gr megfelel a Google AdWords \u00e9rdekl\u0151d\u00e9sen alapul\u00f3 hirdet\u00e9si ir\u00e1nyelveinek \u00e9s az \u00e9rz\u00e9keny kateg\u00f3ri\u00e1kra vonatkoz\u00f3 korl\u00e1toz\u00e1soknak, valamint: Remarketinget haszn\u00e1l a Google Analytics szolg\u00e1ltat\u00e1ssal az online hirdet\u00e9shez.<\/p>\r\n\r\n<p>Az \u00d6n webhely\u00fcnk\u00f6n tett kor\u00e1bbi l\u00e1togat\u00e1sai sor\u00e1n \u00e9szlelt viselked\u00e9se alapj\u00e1n weboldalunk onyxrentals.gr \u00e9s a k\u00fcls\u0151 szolg\u00e1ltat\u00f3k, k\u00f6zt\u00fck a Google eredeti gy\u00e1rt\u00f3i s\u00fctit (p\u00e9ld\u00e1ul a Google Analytics s\u00fctit) \u00e9s a harmadik f\u00e9lt\u0151l sz\u00e1rmaz\u00f3 s\u00fctit (p\u00e9ld\u00e1ul a DoubleClick s\u00fctit) haszn\u00e1lja az \u00d6n \u00e9lm\u00e9ny\u00e9nek optimaliz\u00e1l\u00e1shoz \u00e9s a hirdet\u00e9sek megjelen\u00edt\u00e9s\u00e9hez.<\/p>\r\n\r\n<p>Az onyxrentals.gr \u00e9s a k\u00fcls\u0151 szolg\u00e1ltat\u00f3k, bele\u00e9rtve a Google-t is, eredeti s\u00fctiket (p\u00e9ld\u00e1ul a Google Analytics s\u00fctit) \u00e9s harmadik f\u00e9lt\u0151l sz\u00e1rmaz\u00f3 s\u00fctiket (p\u00e9ld\u00e1ul a DoubleClick s\u00fctit) haszn\u00e1lnak, hogy jelent\u00e9seket k\u00e9sz\u00edtsenek az onyxrentals.gr hirdet\u00e9sek megjelen\u00edt\u00e9seir\u0151l, valamint a hirdet\u00e9si szolg\u00e1ltat\u00e1sok, az ezekkel a hirdet\u00e9smegjelen\u00edt\u00e9sekkel \u00e9s hirdet\u00e9si szolg\u00e1ltat\u00e1sokkal val\u00f3 interakci\u00f3k az onyxrentals.gr webhely l\u00e1togat\u00e1saihoz kapcsol\u00f3dnak.<\/p>\r\n\r\n<p>Az onyxrentals.gr felhaszn\u00e1lhatja a Google \u00e9rdekl\u0151d\u00e9sen alapul\u00f3 hirdet\u00e9seib\u0151l vagy harmadik felek k\u00f6z\u00f6ns\u00e9gadataib\u00f3l (p\u00e9ld\u00e1ul \u00e9letkor, nem \u00e9s \u00e9rdekl\u0151d\u00e9si k\u00f6r\u00f6k) sz\u00e1rmaz\u00f3 adatokat a Google Analytics szolg\u00e1ltat\u00e1ssal.<\/p>\r\n<\/section>\r\n\r\n<h2 class=\"h4\">8. \u00c1ltal\u00e1nos Adatv\u00e9delem Rendelet (GDPR)<\/h2>\r\n<p>Az \"ONYX RENTALS\" mint c\u00e9g elk\u00f6telezett amellett, hogy megv\u00e9dje a c\u00e9ggel b\u00e1rmilyen forr\u00e1sb\u00f3l k\u00f6z\u00f6lt szem\u00e9lyes adatokat [pl. postai \u00faton, faxon, n\u00e9vjegyk\u00e1rty\u00e1n, ad\u00f3nyomtatv\u00e1nyon, a c\u00e9g honlapj\u00e1n, valamint egy\u00e9b weboldalakon, adatb\u00e1zisokban stb.], a szem\u00e9lyes adatok v\u00e9delm\u00e9r\u0151l sz\u00f3l\u00f3 2472\/1997. rendelet \u00e9s az adatv\u00e9delemr\u0151l sz\u00f3l\u00f3 679\/2016 sz\u00e1m\u00fa eur\u00f3pai rendelet (GDPR), valamint a 4624\/2019 nemzeti t\u00f6rv\u00e9ny szerint.<\/p>\r\n<p>A szem\u00e9lyes adatok, amelyeket a c\u00e9g \u00e1ltal\u00e1ban megkap, az el\u00e9rhet\u0151s\u00e9gek, azonos\u00edt\u00f3 adatok \u00e9s p\u00e9nz\u00fcgyi inform\u00e1ci\u00f3k, p\u00e9ld\u00e1ul: n\u00e9v, telefonsz\u00e1m, e-mail c\u00edm, ad\u00f3hivatal c\u00edme, ad\u00f3sz\u00e1m, ad\u00f3hivatal. A c\u00e9g gondoskodik a hozz\u00e1 eljuttatott Szem\u00e9lyes adatok v\u00e9delm\u00e9r\u0151l \u00e9s mindent elk\u00f6vet a bizalmas haszn\u00e1lata \u00e9rdek\u00e9ben. T\u00f6bbek k\u00f6z\u00f6tt az\u00e9rt, hogy megakad\u00e1lyozza ezen adatokhoz val\u00f3 jogosulatlan hozz\u00e1f\u00e9r\u00e9s\u00e9t \u00e9s felhaszn\u00e1l\u00e1s\u00e1t, mindent elk\u00f6vet annak \u00e9rdek\u00e9ben, hogy a legkorszer\u0171bb eszk\u00f6z\u00f6kkel v\u00e9dje, feldolgozza \u00e9s t\u00e1rolja ezek az adatokat.<\/p>\r\n<p>Jelen szab\u00e1lyzat alkalmaz\u00e1s\u00e1ban a \u201eregisztr\u00e1lt szem\u00e9ly\u201d kifejez\u00e9s minden term\u00e9szetes szem\u00e9lyt mag\u00e1ban foglal, akinek a szem\u00e9lyes adatait birtokoljuk (a regisztr\u00e1lt szem\u00e9ly a \u201eSzem\u00e9lyes adatok\u201d kifejez\u00e9shez kapcsol\u00f3d\u00f3 mag\u00e1nszem\u00e9ly).<\/p>\r\n\r\n<h2 class=\"h4\">9. A SZEM\u00c9LYES ADATOK HASZN\u00c1LAT\u00c1NAK OKAI<\/h2>\r\n<p>A fenti m\u00f3dszerekkel kapott szem\u00e9lyes adatait kiz\u00e1r\u00f3lag olyan okokb\u00f3l gy\u0171jtj\u00fck \u00e9s dolgozzuk fel, mint p\u00e9ld\u00e1ul a c\u00e9g\u00fcnkkel k\u00f6t\u00f6tt egy\u00fcttm\u0171k\u00f6d\u00e9si szerz\u0151d\u00e9s al\u00e1\u00edr\u00e1sa, a tranzakci\u00f3k biztons\u00e1g\u00e1nak \u00e9s az \u00d6n biztons\u00e1g\u00e1nak v\u00e9delme, valamint \u00e1ltal\u00e1ban c\u00e9g\u00fcnk bels\u0151 felhaszn\u00e1l\u00e1s\u00e1ra. Ezen t\u00falmen\u0151en az e-mail c\u00edm megad\u00e1sa az\u00e9rt sz\u00fcks\u00e9ges, hogy a szem\u00e9lyes adatok v\u00e9delm\u00e9r\u0151l sz\u00f3l\u00f3 2016\/679 E.E GDPR rendelet el\u0151\u00edr\u00e1sainak betart\u00e1s\u00e1val megkaphassa c\u00e9g\u00fcnk aj\u00e1nlatait \u00e9s h\u00edreit.<\/p>\r\n<p>C\u00e9g\u00fcnk garant\u00e1lja, hogy az \u00d6n szem\u00e9lyes adatait el\u0151zetes \u00e9rtes\u00edt\u00e9s \u00e9s sz\u00fcks\u00e9g eset\u00e9n az \u00d6n j\u00f3v\u00e1hagy\u00e1sa n\u00e9lk\u00fcl nem haszn\u00e1lja fel a jelen szab\u00e1lyzatban eml\u00edtett c\u00e9lokt\u00f3l elt\u00e9r\u0151en. A szem\u00e9lyes adatokat nem osztjuk meg harmadik f\u00e9llel, aki nem \u00e1ll kapcsolatban vel\u00fcnk, kiv\u00e9ve, ha jogos szakmai c\u00e9ljaink \u00e9s \u00fczleti sz\u00fcks\u00e9gleteink erre k\u00f6telezik, hogy v\u00e1laszoljunk az \u00d6n k\u00e9r\u00e9seire \u00e9s \/ vagy ha azt t\u00f6rv\u00e9ny \u00edrja el\u0151 vagy megengedi.<\/p>\r\n\r\n<h2 class=\"h4\">10. MEDDIG \u0150RIZZ\u00dcK \u00c9S HASZN\u00c1LJUK FEL A SZEM\u00c9LYES ADATOKAT<\/h2>\r\n<p>Elk\u00f6telezettek vagyunk amellett, hogy az \u00d6n szem\u00e9lyes adatait biztons\u00e1gos helyen, ellen\u0151rz\u00f6tt hozz\u00e1f\u00e9r\u00e9ssel t\u00e1roljuk ameddig sz\u00fcks\u00e9ges. \u00d6n b\u00e1rmikor k\u00e9rheti szem\u00e9lyes adatainak miel\u0151bbi t\u00f6rl\u00e9s\u00e9t, k\u00e9r\u00e9s\u00e9t a jogk\u00f6vetkezm\u00e9nyek ellen\u0151rz\u00e9se ut\u00e1n teljes\u00edtj\u00fck.<\/p>\r\n\r\n<h2 class=\"h4\">11. SZEM\u00c9LYES ADATOK K\u00d6ZZ\u00c9T\u00c9TELE<\/h2>\r\n<p>Szem\u00e9lyes adatait kiadhatjuk c\u00e9g\u00fcnk\u00f6n bel\u00fcl dolgoz\u00f3 b\u00e1rmely szem\u00e9lynek \u00e9s az adatfeldolgoz\u00f3 rendszereket \u00fczemeltet\u0151 szolg\u00e1ltat\u00f3inknak.<\/p>\r\n<p>A c\u00e9g minden esetben megteszi a sz\u00fcks\u00e9ges int\u00e9zked\u00e9seket annak biztos\u00edt\u00e1s\u00e1ra, hogy minden megosztott szem\u00e9lyes adat megfelel\u0151 szint\u0171 v\u00e9delmet kapjon.<\/p>\r\n<p>Az adatok feldolgoz\u00e1s\u00e1nak \u00e9s \/ vagy harmadik orsz\u00e1gba (Eur\u00f3pai Uni\u00f3n k\u00edv\u00fcli) tov\u00e1bb\u00edt\u00e1sa eset\u00e9n a c\u00e9g el\u0151zetesen t\u00e1j\u00e9koztatja az \u00e9rintett szem\u00e9lyt \u00e9s gondoskodik a szem\u00e9lyes adatok v\u00e9delme \u00e9rdek\u00e9ben megfelel\u0151 int\u00e9zked\u00e9sekr\u0151l. C\u00e9g\u00fcnk szak\u00e9rtelmet, megb\u00edzhat\u00f3s\u00e1got \u00e9s er\u0151forr\u00e1sokat biztos\u00edt afel\u0151l hogy a megfelel\u0151 technikai \u00e9s szervez\u00e9si int\u00e9zked\u00e9sekkel alkalmazza az adatkezel\u00e9st annak \u00e9rdek\u00e9ben, hogy jogszer\u0171 legyen \u00e9s biztos\u00edtsa a regisztr\u00e1lt szem\u00e9lyek jogainak v\u00e9delm\u00e9t. Az adat kisziv\u00e1rogtat\u00e1s elleni kock\u00e1zatokkal szemben mindig a legszigor\u00fabb szint\u0171 biztons\u00e1got alkalmazzuk.<\/p>\r\n\r\n<h2 class=\"h4\">12. BIZTONS\u00c1GBAN VANNAK-E A SZEM\u00c9LYES ADATAIM?<\/h2>\r\n<p>A c\u00e9g mindenf\u00e9le technikai \u00e9s szerkezeti biztons\u00e1gi elj\u00e1r\u00e1sokat hajt v\u00e9gre annak \u00e9rdek\u00e9ben, hogy megv\u00e9dje a szem\u00e9lyes adatokat \u00e9s inform\u00e1ci\u00f3kat az elveszt\u00e9st\u0151l, vissza\u00e9l\u00e9st\u0151l, m\u00f3dos\u00edt\u00e1st\u00f3l vagy s\u00e9r\u00fcl\u00e9st\u0151l.<\/p>\r\n<p>Ezen t\u00falmen\u0151en mindent megtesz\u00fcnk annak \u00e9rdek\u00e9ben, hogy az \u00d6n szem\u00e9lyes adataihoz csak azok f\u00e9rhessenek hozz\u00e1, akiknek alapvet\u0151en tudniuk kell azokr\u00f3l. Az adatokhoz hozz\u00e1f\u00e9r\u0151k k\u00f6telesek az adatok titkoss\u00e1g\u00e1nak meg\u0151riz\u00e9s\u00e9re.<\/p>\r\n\r\n<h2 class=\"h4\">13. MILYEN JOGAIM VANNAK A SZEM\u00c9LYES ADATAIMRA VONATKOZ\u00d3AN<\/h2>\r\n<p>B\u00e1rmikor lehet\u0151s\u00e9ge van k\u00e9rni:<\/p>\r\n<ol>\r\n    <li>Hozz\u00e1f\u00e9r\u00e9st az adataihoz<\/li>\r\n    <li>Az \u00e1ltalunk t\u00e1rolt szem\u00e9lyes adatok \u00e1ttekint\u00e9s\u00e9t<\/li>\r\n    <li>Helytelen\/pontatlan inform\u00e1ci\u00f3k m\u00f3dos\u00edt\u00e1s\u00e1t hi\u00e1nyz\u00f3 adatok kieg\u00e9sz\u00edt\u00e9s\u00e9t<\/li>\r\n    <li>Szem\u00e9lyes adatainak t\u00f6rl\u00e9s\u00e9t vagy kezel\u00e9s\u00fck korl\u00e1toz\u00e1s\u00e1t<\/li>\r\n    <li>Az \u00d6n adatai feldolgoz\u00e1s\u00e1nak korl\u00e1toz\u00e1s\u00e1t<\/li>\r\n    <li>Az \u00d6n adatainak val\u00f3 \u00e1truh\u00e1z\u00e1s\u00e1t harmadik szem\u00e9lyekre<\/li>\r\n<\/ol>\r\n<p>K\u00e9r\u00e9seit a legnagyobb gondoss\u00e1ggal kezelj\u00fck, annak \u00e9rdek\u00e9ben hogy biztos\u00edtsuk jogai v\u00e9delm\u00e9t \u00e9s a tov\u00e1bbiakban c\u00e9g\u00fcnk elk\u00e9rheti az \u00d6n szem\u00e9lyes adatait, de ezekeket senki m\u00e1snak nem fogja kiadni. \u00dagyszint\u00e9n k\u00e9rj\u00fck vegye figyelembe, hogy bizonyos esetekben (p\u00e9ld\u00e1ul jogi k\u00f6telezetts\u00e9gek miatt) el\u0151fordulhat, hogy nem tudjuk azonnal feldolgozni k\u00e9r\u00e9s\u00e9t. Ezek ellen\u00e9re minden esetben t\u00e1j\u00e9koztatni fogjuk \u00d6nt k\u00e9r\u00e9s\u00e9nek el\u0151rehalad\u00e1s\u00e1r\u00f3l, legk\u00e9s\u0151bb a k\u00e9relem beny\u00fajt\u00e1s\u00e1t\u00f3l sz\u00e1m\u00edtott egy h\u00f3napon bel\u00fcl.<\/p>\r\n<p>B\u00e1rmikor jog\u00e1ban \u00e1ll panaszt \/ v\u00e1dt\u00e9telt beny\u00fajtani az ONYX RENTALS I.K.E. B\u00f3di Attila adatv\u00e9delmi felel\u0151se ellen. A panasz beny\u00fajt\u00e1sakor k\u00e9rj\u00fck, adja meg teljes adatait \u00e9s a c\u00e9ggel val\u00f3 kapcsolatfelv\u00e9tel ok\u00e1t.<\/p>\r\n\r\n<h2 class=\"h4\">14. SZEM\u00c9LYES ADATOK FELDOLGOZ\u00c1S\u00c1RA VONATKOZ\u00d3 JOG VISSZAVON\u00c1SA<\/h2>\r\n<p>\u00d6nnek b\u00e1rmikor joga van visszavonni c\u00e9g\u00fcnknek el\u0151z\u0151leg megadott hozz\u00e1j\u00e1rul\u00e1s\u00e1t a szem\u00e9lyes adatainak kezel\u00e9s\u00e9hez \u00e9s nyilv\u00e1noss\u00e1gra hozatal\u00e1hoz.<\/p>\r\n<p>K\u00e9rem, vegye figyelembe, hogy a hozz\u00e1j\u00e1rul\u00e1s visszavon\u00e1sa nem \u00e9rinti az adatkezel\u00e9s jogszer\u0171s\u00e9g\u00e9t \u00e9s a visszavon\u00e1s el\u0151tti id\u0151szakra vonatkoz\u00f3 hozz\u00e1j\u00e1rul\u00e1s\u00e1n alapul. Ez nem s\u00e9rti a c\u00e9g\u00fcnk jogi k\u00f6telezetts\u00e9geib\u0151l fakad\u00f3 adatkezel\u00e9s\u00e9t sem.<\/p>\r\n<p>Amennyiben visszavonni k\u00edv\u00e1nja hozz\u00e1j\u00e1rul\u00e1s\u00e1t, k\u00e9rj\u00fck, \u00e9rtes\u00edtse Bodi Attil\u00e1t, az ONYX RENTALS I.K.E. adatv\u00e9delmi felel\u0151s\u00e9t a jelentkez\u0151 \u00e1ltal al\u00e1\u00edrt Hivatalos Nyilatkozat megk\u00fcld\u00e9s\u00e9vel lev\u00e9lben a c\u00e9g sz\u00e9khely\u00e9re a Filonidou Zotou utca 15, Limenas Hersonissou Heraklion Kr\u00e9ta c\u00edmre. Tov\u00e1bb\u00e1 ezt megteheti e-mailen kereszt\u00fcl az <a href=\"mailto:http:\/\/i&#110;fo&#064;o&#110;y&#120;re&#110;&#116;&#097;ls.g&#114;\" class=\"contactEm\">&#105;n&#102;o&#064;o&#110;y&#120;re&#110;&#116;al&#115;&#046;&#103;&#114;<\/a> c\u00edmre, term\u00e9szetesen mindig megadva teljes adatait \u00e9s a c\u00e9g\u00fcnkkel val\u00f3 kapcsolatfelv\u00e9tel ok\u00e1t.<\/p>\r\n\r\n<h2 class=\"h4\">15. GPS Nyomk\u00f6vet\u0151 Felel\u0151ss\u00e9gkiz\u00e1r\u00e1s<\/h2>\r\n<p>N\u00e9h\u00e1ny j\u00e1rm\u0171v\u00fcnk GPS-nyomk\u00f6vet\u0151 eszk\u00f6z\u00f6kkel lehet felszerelve. Ezeket az eszk\u00f6z\u00f6ket els\u0151sorban vagyonunk v\u00e9delme \u00e9rdek\u00e9ben haszn\u00e1ljuk, k\u00fcl\u00f6n\u00f6sen lop\u00e1s eset\u00e9n, vagy a c\u00e9ges j\u00e1rm\u0171vek nem megfelel\u0151 haszn\u00e1lat\u00e1nak ellen\u0151rz\u00e9s\u00e9re \u00e9s megel\u0151z\u00e9s\u00e9re. A biztons\u00e1gi int\u00e9zked\u00e9sek mellett el\u0151fordulhatnak olyan esetek is, amikor a GPS-adatokat a logisztikai m\u0171veletek egyszer\u0171s\u00edt\u00e9s\u00e9re haszn\u00e1ljuk fel, p\u00e9ld\u00e1ul a j\u00e1rm\u0171vek hat\u00e9kony visszav\u00e9tel\u00e9nek koordin\u00e1l\u00e1s\u00e1ra a kijel\u00f6lt lead\u00e1si pontokr\u00f3l. Biztos lehet benne, hogy c\u00e9g\u00fcnk teljes m\u00e9rt\u00e9kben elk\u00f6telezett az \u00d6n mag\u00e1n\u00e9let\u00e9nek v\u00e9delme mellett. \u00c1tfog\u00f3 int\u00e9zked\u00e9seket hoztunk annak \u00e9rdek\u00e9ben, hogy a GPS-nyomk\u00f6vet\u00e9s b\u00e1rmilyen haszn\u00e1lata szigor\u00faan megfeleljen az adatv\u00e9delmi el\u0151\u00edr\u00e1soknak, \u00e9s a lehet\u0151 legnagyobb tisztelettel t\u00f6rt\u00e9njen az \u00d6n szem\u00e9lyes adatai ir\u00e1nt.<\/p>\r\n\r\n<\/div>\r\n    ","protected":false},"excerpt":{"rendered":"","protected":false},"author":1,"featured_media":0,"parent":0,"menu_order":0,"comment_status":"closed","ping_status":"open","template":"page-FullWidth.php","meta":{"_acf_changed":false,"footnotes":""},"class_list":["post-764","page","type-page","status-publish","hentry"],"acf":[],"_links":{"self":[{"href":"https:\/\/www.onyxrentals.gr\/hu\/wp-json\/wp\/v2\/pages\/764","targetHints":{"allow":["GET"]}}],"collection":[{"href":"https:\/\/www.onyxrentals.gr\/hu\/wp-json\/wp\/v2\/pages"}],"about":[{"href":"https:\/\/www.onyxrentals.gr\/hu\/wp-json\/wp\/v2\/types\/page"}],"author":[{"embeddable":true,"href":"https:\/\/www.onyxrentals.gr\/hu\/wp-json\/wp\/v2\/users\/1"}],"replies":[{"embeddable":true,"href":"https:\/\/www.onyxrentals.gr\/hu\/wp-json\/wp\/v2\/comments?post=764"}],"version-history":[{"count":0,"href":"https:\/\/www.onyxrentals.gr\/hu\/wp-json\/wp\/v2\/pages\/764\/revisions"}],"wp:attachment":[{"href":"https:\/\/www.onyxrentals.gr\/hu\/wp-json\/wp\/v2\/media?parent=764"}],"curies":[{"name":"wp","href":"https:\/\/api.w.org\/{rel}","templated":true}]}}