{"id":765,"date":"2024-02-09T09:20:49","date_gmt":"2024-02-09T07:20:49","guid":{"rendered":"https:\/\/www.onyxrentals.gr\/?page_id=765"},"modified":"2024-02-09T09:20:49","modified_gmt":"2024-02-09T07:20:49","slug":"scooters","status":"publish","type":"page","link":"https:\/\/www.onyxrentals.gr\/hu\/scooters\/","title":{"rendered":"Scooters"},"content":{"rendered":"","protected":false},"excerpt":{"rendered":"Helyi aut\u00f3k\u00f6lcs\u00f6nz\u0151 c\u00e9g vagyunk, amely Hersonissos Kr\u00e9ta k\u00f6zpontj\u00e1ban tal\u00e1lhat\u00f3. Tal\u00e1lja meg a sz\u00fcks\u00e9ges robog\u00f3t a legjobb \u00e1ron, \u00e9s fedezze fel Kr\u00e9ta sziget\u00e9t.","protected":false},"author":1,"featured_media":0,"parent":0,"menu_order":0,"comment_status":"closed","ping_status":"closed","template":"scooter.php","meta":{"_acf_changed":false,"footnotes":""},"class_list":["post-765","page","type-page","status-publish","hentry"],"acf":[],"_links":{"self":[{"href":"https:\/\/www.onyxrentals.gr\/hu\/wp-json\/wp\/v2\/pages\/765","targetHints":{"allow":["GET"]}}],"collection":[{"href":"https:\/\/www.onyxrentals.gr\/hu\/wp-json\/wp\/v2\/pages"}],"about":[{"href":"https:\/\/www.onyxrentals.gr\/hu\/wp-json\/wp\/v2\/types\/page"}],"author":[{"embeddable":true,"href":"https:\/\/www.onyxrentals.gr\/hu\/wp-json\/wp\/v2\/users\/1"}],"replies":[{"embeddable":true,"href":"https:\/\/www.onyxrentals.gr\/hu\/wp-json\/wp\/v2\/comments?post=765"}],"version-history":[{"count":0,"href":"https:\/\/www.onyxrentals.gr\/hu\/wp-json\/wp\/v2\/pages\/765\/revisions"}],"wp:attachment":[{"href":"https:\/\/www.onyxrentals.gr\/hu\/wp-json\/wp\/v2\/media?parent=765"}],"curies":[{"name":"wp","href":"https:\/\/api.w.org\/{rel}","templated":true}]}}